{"id":51469,"date":"2026-02-22T14:37:24","date_gmt":"2026-02-22T14:37:24","guid":{"rendered":"https:\/\/orvigoglobal.com\/fuer-unternehmen\/"},"modified":"2026-02-24T23:19:53","modified_gmt":"2026-02-24T23:19:53","slug":"fuer-unternehmen","status":"publish","type":"page","link":"https:\/\/orvigoglobal.com\/de\/fuer-unternehmen\/","title":{"rendered":"F\u00fcr Unternehmen"},"content":{"rendered":"\t\t<div data-elementor-type=\"wp-page\" data-elementor-id=\"51469\" class=\"elementor elementor-51469 elementor-51202\">\n\t\t\t\t<div class=\"elementor-element elementor-element-6f48b7d6 e-flex e-con-boxed cmsmasters-block-default e-con e-parent\" data-id=\"6f48b7d6\" data-element_type=\"container\" data-e-type=\"container\">\n\t\t\t\t\t<div class=\"e-con-inner\">\n\t\t\t\t<div class=\"elementor-element elementor-element-79e15c65 cmsmasters-block-default cmsmasters-sticky-default elementor-widget elementor-widget-text-editor\" data-id=\"79e15c65\" data-element_type=\"widget\" data-e-type=\"widget\" data-widget_type=\"text-editor.default\">\n\t\t\t\t\t\t\t\t\t<br><h1 class=\"wp-block-heading\"><\/h1><br>\t\t\t\t\t\t\t\t<\/div>\n\t\t\t\t\t<\/div>\n\t\t\t\t<\/div>\n\t\t<div class=\"elementor-element elementor-element-2c28fe42 cmsmasters-section-for-header-yes e-flex e-con-boxed cmsmasters-block-default elementor-invisible e-con e-parent\" data-id=\"2c28fe42\" data-element_type=\"container\" data-e-type=\"container\" data-settings=\"{&quot;animation&quot;:&quot;cmsmasters-fade-in-up&quot;}\">\n\t\t\t\t\t<div class=\"e-con-inner\">\n\t\t<div class=\"elementor-element elementor-element-2d2e8536 e-con-full e-flex cmsmasters-bg-hide-none cmsmasters-bg-hide-none cmsmasters-block-default e-con e-child\" data-id=\"2d2e8536\" data-element_type=\"container\" data-e-type=\"container\" data-settings=\"{&quot;background_background&quot;:&quot;classic&quot;}\">\n\t\t\t\t<\/div>\n\t\t<div class=\"elementor-element elementor-element-8ec5762 e-con-full e-flex cmsmasters-block-default e-con e-child\" data-id=\"8ec5762\" data-element_type=\"container\" data-e-type=\"container\" data-settings=\"{&quot;background_background&quot;:&quot;classic&quot;}\">\n\t\t\t\t<div class=\"elementor-element elementor-element-3bdee462 cmsmasters-block-default cmsmasters-sticky-default elementor-widget elementor-widget-heading\" data-id=\"3bdee462\" data-element_type=\"widget\" data-e-type=\"widget\" data-widget_type=\"heading.default\">\n\t\t\t\t\t<h6 class=\"elementor-heading-title elementor-size-default\">F\u00dcR UNTERNEHMEN<\/h6>\t\t\t\t<\/div>\n\t\t\t\t<div data-animation-type=\"block\" class=\"animation_type_block elementor-element elementor-element-3db61be8 gradient gradient linear linear cmsmasters-highlight-title-animate animation_type_block cmsmasters-block-default cmsmasters-sticky-default elementor-invisible elementor-widget elementor-widget-cmsmasters-highlight-title\" data-animation-stagger=\"200\" data-separate-animation-selector=\".elementor-widget-cmsmasters-highlight-title__item\" data-text-animation-class=\"sequental, random, line, word, char\" data-id=\"3db61be8\" data-element_type=\"widget\" data-e-type=\"widget\" data-settings=\"{&quot;_animation&quot;:&quot;cmsmasters-fade-in&quot;,&quot;_animation_delay&quot;:400}\" data-widget_type=\"cmsmasters-highlight-title.default\">\n\t\t\t\t\t<h1 class=\"elementor-widget-cmsmasters-highlight-title__title\" style=\"--cmsmasters-highlight-title-highlight-animation-duration: 2000ms;\"><span class=\"elementor-widget-cmsmasters-highlight-title__item elementor-repeater-item-0612daa cmsmasters-highlight-title-item-text cmsmasters-color-variation-gradient cmsmasters-color-gradient-linear\"><span class=\"elementor-widget-cmsmasters-highlight-title__text-wrap\"><span class=\"elementor-widget-cmsmasters-highlight-title__text\">Verbringen Sie \r\n<\/span><\/span><\/span><span class=\"elementor-widget-cmsmasters-highlight-title__item elementor-repeater-item-9a37528 cmsmasters-highlight-title-item-text cmsmasters-color-variation-gradient cmsmasters-color-gradient-linear\"><span class=\"elementor-widget-cmsmasters-highlight-title__text-wrap\"><span class=\"elementor-widget-cmsmasters-highlight-title__text\">eine erfolgreiche Saison<\/span><\/span><\/span><span class=\"elementor-widget-cmsmasters-highlight-title__item elementor-repeater-item-5fc7795 cmsmasters-highlight-title-item-text cmsmasters-color-variation-gradient cmsmasters-color-gradient-linear\"><span class=\"elementor-widget-cmsmasters-highlight-title__text-wrap\"><span class=\"elementor-widget-cmsmasters-highlight-title__text\">mit hochmotivierten Studierenden <\/span><\/span><\/span><span class=\"elementor-widget-cmsmasters-highlight-title__item elementor-repeater-item-ef0b1da cmsmasters-highlight-title-item-text cmsmasters-color-variation-gradient cmsmasters-color-gradient-linear\"><span class=\"elementor-widget-cmsmasters-highlight-title__text-wrap\"><span class=\"elementor-widget-cmsmasters-highlight-title__text\">aus der T\u00fcrkei<\/span><\/span><\/span><\/h1>\t\t\t\t<\/div>\n\t\t\t\t<div class=\"elementor-element elementor-element-2269b108 cmsmasters-block-default cmsmasters-sticky-default elementor-invisible elementor-widget elementor-widget-text-editor\" data-id=\"2269b108\" data-element_type=\"widget\" data-e-type=\"widget\" data-settings=\"{&quot;_animation&quot;:&quot;cmsmasters-fade-in&quot;,&quot;_animation_delay&quot;:600}\" data-widget_type=\"text-editor.default\">\n\t\t\t\t\t\t\t\t\t<strong>Orvigo Global<\/strong> unterst\u00fctzt Unternehmen in Deutschland dabei, insbesondere in intensiven Zeiten wie dem Sommer, flei\u00dfige und hochmotivierte t\u00fcrkische Studierende zu finden. Ziel ist es, den saisonalen Personalbedarf f\u00fcr Unternehmen m\u00fchelos und strukturiert zu decken.<br><br>Das herausragende Merkmal dieser Studierenden ist ihre Motivation. Sie verf\u00fcgen \u00fcber starke Arbeitsethik, lernen schnell und passen sich problemlos an Teamarbeit an. In kurzfristigen Positionen sind sie flexibel einsetzbar. Da viele von ihnen Deutsch oder Englisch sprechen, verl\u00e4uft die Kommunikation reibungsloser. Der Hauptgrund f\u00fcr ihre Teilnahme am Programm ist, echte Arbeitserfahrung im Ausland zu sammeln und mit verschiedenen Kulturen in Kontakt zu treten, was ihre Verantwortung und Bindung an die Arbeit erh\u00f6ht.\t\t\t\t\t\t\t\t<\/div>\n\t\t\t\t<\/div>\n\t\t\t\t\t<\/div>\n\t\t\t\t<\/div>\n\t\t<div class=\"elementor-element elementor-element-401d01cc e-flex e-con-boxed cmsmasters-block-default e-con e-parent\" data-id=\"401d01cc\" data-element_type=\"container\" data-e-type=\"container\">\n\t\t\t\t\t<div class=\"e-con-inner\">\n\t\t<div class=\"elementor-element elementor-element-3de733a3 e-con-full e-flex cmsmasters-block-default e-con e-child\" data-id=\"3de733a3\" data-element_type=\"container\" data-e-type=\"container\">\n\t\t\t\t<div class=\"elementor-element elementor-element-3fda0bb0 cmsmasters-block-default cmsmasters-sticky-default elementor-invisible elementor-widget elementor-widget-text-editor\" data-id=\"3fda0bb0\" data-element_type=\"widget\" data-e-type=\"widget\" data-settings=\"{&quot;_animation&quot;:&quot;cmsmasters-fade-in-up&quot;,&quot;_animation_delay&quot;:200}\" data-widget_type=\"text-editor.default\">\n\t\t\t\t\t\t\t\t\tZu den betreuten Bereichen geh\u00f6ren Hotels und Beherbergungsbetriebe, Restaurants und Gastronomiebetriebe, Fabriken und Produktionslinien, Logistik- und Lageroperationen sowie landwirtschaftliche T\u00e4tigkeiten w\u00e4hrend der Erntezeiten. Je nach Unternehmensbedarf erfolgt eine Vorauswahl, und die am besten geeigneten Kandidaten werden vermittelt.<br><br>Der Ablauf gestaltet sich wie folgt: Zun\u00e4chst wird der Personalbedarf und die Erwartungshaltung des Unternehmens detailliert analysiert. Anschlie\u00dfend werden Bewerbungen gepr\u00fcft und geeignete Kandidaten durch Interviews ausgew\u00e4hlt. Unter Einhaltung der gesetzlichen Regelungen in Deutschland wird bei den erforderlichen Unterlagen und Genehmigungen Unterst\u00fctzung geleistet. Nach der Platzierung wird der Prozess weiter \u00fcberwacht und beide Seiten erhalten fortlaufend Unterst\u00fctzung.<br><br>Alle Schritte werden in \u00dcbereinstimmung mit den gesetzlichen Bestimmungen in Deutschland durchgef\u00fchrt. So wird eine sichere, transparente und reibungslose Zusammenarbeit sowohl f\u00fcr Unternehmen als auch f\u00fcr Studierende gew\u00e4hrleistet.<br><br>F\u00fcr Unternehmen mit vor\u00fcbergehendem oder saisonalem Personalbedarf kann die Kontaktaufnahme eine effektive L\u00f6sung sein. Es werden ma\u00dfgeschneiderte L\u00f6sungen entsprechend den Anforderungen angeboten.\t\t\t\t\t\t\t\t<\/div>\n\t\t\t\t<\/div>\n\t\t<div class=\"elementor-element elementor-element-1fcb6462 e-con-full e-flex cmsmasters-block-default elementor-invisible e-con e-child\" data-id=\"1fcb6462\" data-element_type=\"container\" data-e-type=\"container\" data-settings=\"{&quot;background_background&quot;:&quot;classic&quot;,&quot;animation&quot;:&quot;cmsmasters-fade-in-up&quot;}\">\n\t\t\t\t<div class=\"elementor-element elementor-element-41930107 cmsmasters-block-default cmsmasters-sticky-default elementor-widget elementor-widget-image\" data-id=\"41930107\" data-element_type=\"widget\" data-e-type=\"widget\" data-widget_type=\"image.default\">\n\t\t\t\t\t\t\t\t\t\t\t\t\t\t\t<img fetchpriority=\"high\" decoding=\"async\" width=\"1024\" height=\"683\" src=\"https:\/\/orvigoglobal.com\/wp-content\/uploads\/2026\/02\/business-colleagues-working-reports-communicating-while-working-office-focus-is-woman-1024x683.jpg\" class=\"attachment-large size-large wp-image-51419\" alt=\"\" srcset=\"https:\/\/orvigoglobal.com\/wp-content\/uploads\/2026\/02\/business-colleagues-working-reports-communicating-while-working-office-focus-is-woman-1024x683.jpg 1024w, https:\/\/orvigoglobal.com\/wp-content\/uploads\/2026\/02\/business-colleagues-working-reports-communicating-while-working-office-focus-is-woman-scaled-600x400.jpg 600w, https:\/\/orvigoglobal.com\/wp-content\/uploads\/2026\/02\/business-colleagues-working-reports-communicating-while-working-office-focus-is-woman-300x200.jpg 300w, https:\/\/orvigoglobal.com\/wp-content\/uploads\/2026\/02\/business-colleagues-working-reports-communicating-while-working-office-focus-is-woman-768x512.jpg 768w, https:\/\/orvigoglobal.com\/wp-content\/uploads\/2026\/02\/business-colleagues-working-reports-communicating-while-working-office-focus-is-woman-1536x1024.jpg 1536w, https:\/\/orvigoglobal.com\/wp-content\/uploads\/2026\/02\/business-colleagues-working-reports-communicating-while-working-office-focus-is-woman-2048x1365.jpg 2048w, https:\/\/orvigoglobal.com\/wp-content\/uploads\/2026\/02\/business-colleagues-working-reports-communicating-while-working-office-focus-is-woman-450x300.jpg 450w\" sizes=\"(max-width: 1024px) 100vw, 1024px\" \/>\t\t\t\t\t\t\t\t\t\t\t\t\t\t\t<\/div>\n\t\t\t\t<\/div>\n\t\t\t\t\t<\/div>\n\t\t\t\t<\/div>\n\t\t<section class=\"elementor-element elementor-element-3dfcaf2 e-flex e-con-boxed cmsmasters-block-default elementor-invisible e-con e-parent\" data-id=\"3dfcaf2\" data-element_type=\"container\" data-e-type=\"container\" data-settings=\"{&quot;animation&quot;:&quot;cmsmasters-fade-in-up&quot;}\">\n\t\t\t\t\t<div class=\"e-con-inner\">\n\t\t<div class=\"elementor-element elementor-element-57c98781 e-con-full e-flex cmsmasters-block-default e-con e-child\" data-id=\"57c98781\" data-element_type=\"container\" data-e-type=\"container\" data-settings=\"{&quot;background_background&quot;:&quot;classic&quot;}\">\n\t\t\t\t<div class=\"elementor-element elementor-element-503df83f cmsmasters-block-default cmsmasters-sticky-default elementor-widget elementor-widget-heading\" data-id=\"503df83f\" data-element_type=\"widget\" data-e-type=\"widget\" data-widget_type=\"heading.default\">\n\t\t\t\t\t<h6 class=\"elementor-heading-title elementor-size-default\">Online-Termin anfordern<\/h6>\t\t\t\t<\/div>\n\t\t\t\t<div data-animation-type=\"block\" class=\"animation_type_block elementor-element elementor-element-6a388b72 default default cmsmasters-highlight-title-animate animation_type_block cmsmasters-block-default cmsmasters-sticky-default elementor-invisible elementor-widget elementor-widget-cmsmasters-highlight-title\" data-animation-stagger=\"200\" data-separate-animation-selector=\".elementor-widget-cmsmasters-highlight-title__item\" data-text-animation-class=\"sequental, random, line, word, char\" data-id=\"6a388b72\" data-element_type=\"widget\" data-e-type=\"widget\" data-settings=\"{&quot;_animation&quot;:&quot;cmsmasters-fade-in&quot;,&quot;_animation_delay&quot;:400}\" data-widget_type=\"cmsmasters-highlight-title.default\">\n\t\t\t\t\t<h2 class=\"elementor-widget-cmsmasters-highlight-title__title\" style=\"--cmsmasters-highlight-title-highlight-animation-duration: 2000ms;\"><span class=\"elementor-widget-cmsmasters-highlight-title__item elementor-repeater-item-0612daa cmsmasters-highlight-title-item-text cmsmasters-color-variation-default\"><span class=\"elementor-widget-cmsmasters-highlight-title__text-wrap\"><span class=\"elementor-widget-cmsmasters-highlight-title__text\">Sind Sie bereit,<\/span><\/span><\/span><span class=\"elementor-widget-cmsmasters-highlight-title__item elementor-repeater-item-9a37528 cmsmasters-highlight-title-item-text cmsmasters-color-variation-default\"><span class=\"elementor-widget-cmsmasters-highlight-title__text-wrap\"><span class=\"elementor-widget-cmsmasters-highlight-title__text\">Orvigo Global<\/span><\/span><\/span><span class=\"elementor-widget-cmsmasters-highlight-title__item elementor-repeater-item-968359a cmsmasters-highlight-title-item-text cmsmasters-color-variation-default\"><span class=\"elementor-widget-cmsmasters-highlight-title__text-wrap\"><span class=\"elementor-widget-cmsmasters-highlight-title__text\">kennenzulernen?<\/span><\/span><\/span><\/h2>\t\t\t\t<\/div>\n\t\t\t\t<div class=\"elementor-element elementor-element-3aceec5e elementor-widget__width-inherit cmsmasters-block-default cmsmasters-sticky-default elementor-widget elementor-widget-cmsmasters-forminator\" data-id=\"3aceec5e\" data-element_type=\"widget\" data-e-type=\"widget\" data-settings=\"{&quot;form_list&quot;:&quot;40&quot;}\" data-widget_type=\"cmsmasters-forminator.default\">\n\t\t\t\t\t<div class=\"elementor-widget-cmsmasters-contact-form__wrapper elementor-widget-cmsmasters-contact-form cmsmasters-default-color cmsmasters-default-font\" id=\"cmsmasters-widget-form-3aceec5e\">\r\n\t\t\t<div class=\"elementor-widget-cmsmasters-contact-form__inner\"><form id=\"forminator-module-40\" class=\"forminator-custom-form forminator-custom-form-40\" method=\"post\" data-forminator-render=\"0\" data-uid=\"69e3836b5fc84\"><div role=\"alert\" aria-live=\"polite\" class=\"forminator-response-message forminator-error\" aria-hidden=\"true\"><\/div><\/form><\/div>\r\n\t\t<\/div>\t\t\t\t<\/div>\n\t\t\t\t<\/div>\n\t\t\t\t\t<\/div>\n\t\t\t\t<\/section>\n\t\t\t\t<\/div>\n\t\t","protected":false},"excerpt":{"rendered":"<p>F\u00dcR UNTERNEHMEN Verbringen Sie eine erfolgreiche Saisonmit hochmotivierten Studierenden aus der T\u00fcrkei Orvigo Global unterst\u00fctzt Unternehmen in Deutschland dabei, insbesondere in intensiven Zeiten wie dem Sommer, flei\u00dfige und hochmotivierte t\u00fcrkische Studierende zu finden. Ziel ist es, den saisonalen Personalbedarf f\u00fcr Unternehmen m\u00fchelos und strukturiert zu decken. Das herausragende Merkmal dieser Studierenden ist ihre Motivation. Sie&#8230;<\/p>\n","protected":false},"author":1,"featured_media":0,"parent":0,"menu_order":0,"comment_status":"closed","ping_status":"closed","template":"","meta":{"_acf_changed":false,"footnotes":""},"class_list":["post-51469","page","type-page","status-publish","hentry"],"acf":[],"_hostinger_reach_plugin_has_subscription_block":false,"_hostinger_reach_plugin_is_elementor":false,"_links":{"self":[{"href":"https:\/\/orvigoglobal.com\/de\/wp-json\/wp\/v2\/pages\/51469","targetHints":{"allow":["GET"]}}],"collection":[{"href":"https:\/\/orvigoglobal.com\/de\/wp-json\/wp\/v2\/pages"}],"about":[{"href":"https:\/\/orvigoglobal.com\/de\/wp-json\/wp\/v2\/types\/page"}],"author":[{"embeddable":true,"href":"https:\/\/orvigoglobal.com\/de\/wp-json\/wp\/v2\/users\/1"}],"replies":[{"embeddable":true,"href":"https:\/\/orvigoglobal.com\/de\/wp-json\/wp\/v2\/comments?post=51469"}],"version-history":[{"count":3,"href":"https:\/\/orvigoglobal.com\/de\/wp-json\/wp\/v2\/pages\/51469\/revisions"}],"predecessor-version":[{"id":51472,"href":"https:\/\/orvigoglobal.com\/de\/wp-json\/wp\/v2\/pages\/51469\/revisions\/51472"}],"wp:attachment":[{"href":"https:\/\/orvigoglobal.com\/de\/wp-json\/wp\/v2\/media?parent=51469"}],"curies":[{"name":"wp","href":"https:\/\/api.w.org\/{rel}","templated":true}]}}