{"id":51467,"date":"2024-12-21T19:10:44","date_gmt":"2024-12-21T19:10:44","guid":{"rendered":"https:\/\/orvigoglobal.com\/kontakte\/"},"modified":"2026-02-24T22:47:55","modified_gmt":"2026-02-24T22:47:55","slug":"kontakte","status":"publish","type":"page","link":"https:\/\/orvigoglobal.com\/de\/kontakte\/","title":{"rendered":"Kontakte"},"content":{"rendered":"\t\t<div data-elementor-type=\"wp-page\" data-elementor-id=\"51467\" class=\"elementor elementor-51467 elementor-47885\">\n\t\t\t\t<div class=\"elementor-element elementor-element-8270cf4 cmsmasters-section-for-header-yes e-flex e-con-boxed cmsmasters-block-default elementor-invisible e-con e-parent\" data-id=\"8270cf4\" data-element_type=\"container\" data-e-type=\"container\" data-settings=\"{&quot;animation&quot;:&quot;cmsmasters-fade-in-up&quot;}\">\n\t\t\t\t\t<div class=\"e-con-inner\">\n\t\t<div class=\"elementor-element elementor-element-ae6c0e8 e-con-full e-flex cmsmasters-block-default e-con e-child\" data-id=\"ae6c0e8\" data-element_type=\"container\" data-e-type=\"container\" data-settings=\"{&quot;background_background&quot;:&quot;classic&quot;}\">\n\t\t\t\t<div data-animation-type=\"block\" class=\"animation_type_block elementor-element elementor-element-1eb2558 gradient gradient linear linear cmsmasters-highlight-title-animate animation_type_block cmsmasters-block-default cmsmasters-sticky-default elementor-invisible elementor-widget elementor-widget-cmsmasters-highlight-title\" data-animation-stagger=\"200\" data-separate-animation-selector=\".elementor-widget-cmsmasters-highlight-title__item\" data-text-animation-class=\"sequental, random, line, word, char\" data-id=\"1eb2558\" data-element_type=\"widget\" data-e-type=\"widget\" data-settings=\"{&quot;_animation&quot;:&quot;cmsmasters-fade-in&quot;,&quot;_animation_delay&quot;:400}\" data-widget_type=\"cmsmasters-highlight-title.default\">\n\t\t\t\t\t<h1 class=\"elementor-widget-cmsmasters-highlight-title__title\" style=\"--cmsmasters-highlight-title-highlight-animation-duration: 2000ms;\"><span class=\"elementor-widget-cmsmasters-highlight-title__item elementor-repeater-item-0612daa cmsmasters-highlight-title-item-text cmsmasters-color-variation-gradient cmsmasters-color-gradient-linear\"><span class=\"elementor-widget-cmsmasters-highlight-title__text-wrap\"><span class=\"elementor-widget-cmsmasters-highlight-title__text\">Nehmen Sie \r\n\r\n<\/span><\/span><\/span><span class=\"elementor-widget-cmsmasters-highlight-title__item elementor-repeater-item-9a37528 cmsmasters-highlight-title-item-text cmsmasters-color-variation-gradient cmsmasters-color-gradient-linear\"><span class=\"elementor-widget-cmsmasters-highlight-title__text-wrap\"><span class=\"elementor-widget-cmsmasters-highlight-title__text\">\r\nKontakt mit uns auf!<\/span><\/span><\/span><\/h1>\t\t\t\t<\/div>\n\t\t\t\t<div class=\"elementor-element elementor-element-737eb36 cmsmasters-block-default cmsmasters-sticky-default elementor-invisible elementor-widget elementor-widget-text-editor\" data-id=\"737eb36\" data-element_type=\"widget\" data-e-type=\"widget\" data-settings=\"{&quot;_animation&quot;:&quot;cmsmasters-fade-in&quot;,&quot;_animation_delay&quot;:600}\" data-widget_type=\"text-editor.default\">\n\t\t\t\t\t\t\t\t\t<p>Starten Sie Ihren Neuanfang in Deutschland sicher mit unserem Expertenteam. Wir begleiten Sie in jeder Phase Ihres Prozesses mit professioneller Beratung.<\/p>\n<p>F\u00fcr detaillierte Informationen und individuelle L\u00f6sungen nehmen Sie bitte Kontakt mit uns auf.<\/p>\n\t\t\t\t\t\t\t\t<\/div>\n\t\t<div class=\"elementor-element elementor-element-2b64d6d e-con-full e-flex cmsmasters-block-default e-con e-child\" data-id=\"2b64d6d\" data-element_type=\"container\" data-e-type=\"container\">\n\t\t\t\t<div class=\"elementor-element elementor-element-c43d4e9 cmsmasters-icon-disable-none cmsmasters-swap-button-animation-scale cmsmasters-block-default cmsmasters-sticky-default elementor-widget elementor-widget-cmsmasters-swap-button\" data-id=\"c43d4e9\" data-element_type=\"widget\" data-e-type=\"widget\" data-widget_type=\"cmsmasters-swap-button.default\">\n\t\t\t\t\t<a class=\"elementor-widget-cmsmasters-swap-button__button cmsmasters-swap-button-label-bg-normal-color cmsmasters-swap-button-label-bg-hover-color\" role=\"button\" tabindex=\"0\" href=\"https:\/\/orvigoglobal.com\/bilgi-alin\/\"><span class=\"elementor-widget-cmsmasters-swap-button__icon cmsmaster-swap-button-icon-active\"><i aria-hidden=\"true\" class=\"cmsmsdemo-icons- cmsms-demo-icons-button-arrow\"><\/i><\/span><span class=\"elementor-widget-cmsmasters-swap-button__text\">Termin anfordern<\/span><span class=\"elementor-widget-cmsmasters-swap-button__icon cmsmaster-swap-button-icon-normal\"><i aria-hidden=\"true\" class=\"cmsmsdemo-icons- cmsms-demo-icons-button-arrow\"><\/i><\/span><\/a>\t\t\t\t<\/div>\n\t\t\t\t<div data-animation-type=\"block\" class=\"animation_type_block elementor-element elementor-element-85f798b cmsmasters-featured-box__graphic-align-left cmsmasters-featured-box__link-box cmsmasters-featured-box__graphic-align-mobile-left elementor-widget-mobile__width-inherit cmsmasters-featured-box__text-valign-middle animation_type_block cmsmasters-block-default cmsmasters-sticky-default elementor-invisible elementor-widget elementor-widget-cmsmasters-featured-box\" data-animation-stagger=\"200\" data-separate-animation-selector=\".elementor-widget-cmsmasters-featured-box__icon-wrap, .elementor-widget-cmsmasters-featured-box__image-wrap, .elementor-widget-cmsmasters-featured-box__title, .elementor-widget-cmsmasters-featured-box__description, .elementor-widget-cmsmasters-featured-box__button-wrapper\" data-text-animation-class=\"sequental, random\" data-id=\"85f798b\" data-element_type=\"widget\" data-e-type=\"widget\" data-settings=\"{&quot;_animation&quot;:&quot;cmsmasters-fade-in-left&quot;,&quot;_animation_delay&quot;:600}\" data-widget_type=\"cmsmasters-featured-box.default\">\n\t\t\t\t\t<a href=\"tel:%20+90%20505%20222%200826\" class=\"elementor-widget-cmsmasters-featured-box__wrapper\"><div class=\"elementor-widget-cmsmasters-featured-box__content\">\r\n\t\t\t\t<div class=\"elementor-widget-cmsmasters-featured-box__content-vertical-inner\"><div class=\"elementor-widget-cmsmasters-featured-box__type-wrap elementor-widget-cmsmasters-featured-box__content-item\"><h6 class=\"elementor-widget-cmsmasters-featured-box__title elementor-widget-cmsmasters-featured-box__content-item\">Rufen Sie uns an:<\/h6><div class=\"elementor-widget-cmsmasters-featured-box__description elementor-widget-cmsmasters-featured-box__content-item\">+90 505 222 08 26<\/div><\/div>\r\n\t\t\t\t<\/div>\r\n\t\t\t<\/div>\r\n\t\t<\/a>\t\t\t\t<\/div>\n\t\t\t\t<\/div>\n\t\t\t\t<\/div>\n\t\t<div class=\"elementor-element elementor-element-dc23708 e-con-full e-flex cmsmasters-bg-hide-none cmsmasters-bg-hide-none cmsmasters-block-default e-con e-child\" data-id=\"dc23708\" data-element_type=\"container\" data-e-type=\"container\" data-settings=\"{&quot;background_background&quot;:&quot;classic&quot;}\">\n\t\t\t\t<\/div>\n\t\t\t\t\t<\/div>\n\t\t\t\t<\/div>\n\t\t<div class=\"elementor-element elementor-element-2a8c5f9 e-flex e-con-boxed cmsmasters-block-default elementor-invisible e-con e-parent\" data-id=\"2a8c5f9\" data-element_type=\"container\" data-e-type=\"container\" data-settings=\"{&quot;animation&quot;:&quot;cmsmasters-fade-in-up&quot;}\">\n\t\t\t\t\t<div class=\"e-con-inner\">\n\t\t<div class=\"elementor-element elementor-element-ca7e90c e-con-full e-flex cmsmasters-block-default e-con e-child\" data-id=\"ca7e90c\" data-element_type=\"container\" data-e-type=\"container\">\n\t\t\t\t<div data-animation-type=\"block\" class=\"animation_type_block elementor-element elementor-element-4da1896 gradient gradient linear linear cmsmasters-highlight-title-animate animation_type_block cmsmasters-block-default cmsmasters-sticky-default elementor-invisible elementor-widget elementor-widget-cmsmasters-highlight-title\" data-animation-stagger=\"200\" data-separate-animation-selector=\".elementor-widget-cmsmasters-highlight-title__item\" data-text-animation-class=\"sequental, random, line, word, char\" data-id=\"4da1896\" data-element_type=\"widget\" data-e-type=\"widget\" data-settings=\"{&quot;_animation&quot;:&quot;cmsmasters-fade-in-up&quot;,&quot;_animation_delay&quot;:0}\" data-widget_type=\"cmsmasters-highlight-title.default\">\n\t\t\t\t\t<h2 class=\"elementor-widget-cmsmasters-highlight-title__title\" style=\"--cmsmasters-highlight-title-highlight-animation-duration: 2000ms;\"><span class=\"elementor-widget-cmsmasters-highlight-title__item elementor-repeater-item-0612daa cmsmasters-highlight-title-item-text cmsmasters-color-variation-gradient cmsmasters-color-gradient-linear\"><span class=\"elementor-widget-cmsmasters-highlight-title__text-wrap\"><span class=\"elementor-widget-cmsmasters-highlight-title__text\">Unsere \r\n<\/span><\/span><\/span><span class=\"elementor-widget-cmsmasters-highlight-title__item elementor-repeater-item-9a37528 cmsmasters-highlight-title-item-text cmsmasters-color-variation-gradient cmsmasters-color-gradient-linear\"><span class=\"elementor-widget-cmsmasters-highlight-title__text-wrap\"><span class=\"elementor-widget-cmsmasters-highlight-title__text\">B\u00fcroanschrift<\/span><\/span><\/span><\/h2>\t\t\t\t<\/div>\n\t\t\t\t<div class=\"elementor-element elementor-element-d87e07c cmsmasters-block-default cmsmasters-sticky-default elementor-invisible elementor-widget elementor-widget-text-editor\" data-id=\"d87e07c\" data-element_type=\"widget\" data-e-type=\"widget\" data-settings=\"{&quot;_animation&quot;:&quot;cmsmasters-fade-in-up&quot;,&quot;_animation_delay&quot;:200}\" data-widget_type=\"text-editor.default\">\n\t\t\t\t\t\t\t\t\t<p>In unserem Hauptb\u00fcro betreuen wir sorgf\u00e4ltig alle Ihre Beratungsprozesse f\u00fcr Deutschland und bieten professionelle Unterst\u00fctzung von der Bewerbung \u00fcber die Planung bis hin zur Platzierung. Unser erfahrenes Team entwickelt f\u00fcr jeden Kunden individuelle L\u00f6sungen und sorgt daf\u00fcr, dass der Prozess sicher, transparent und effizient verl\u00e4uft. F\u00fcr detaillierte Informationen und zur Terminvereinbarung k\u00f6nnen Sie unser B\u00fcro besuchen oder Kontakt mit uns aufnehmen.<\/p>\n\t\t\t\t\t\t\t\t<\/div>\n\t\t<div class=\"elementor-element elementor-element-df9767e e-flex e-con-boxed cmsmasters-block-default elementor-invisible e-con e-child\" data-id=\"df9767e\" data-element_type=\"container\" data-e-type=\"container\" data-settings=\"{&quot;animation&quot;:&quot;cmsmasters-fade-in-up&quot;,&quot;animation_delay&quot;:400}\">\n\t\t\t\t\t<div class=\"e-con-inner\">\n\t\t<div class=\"elementor-element elementor-element-8b840b1 e-con-full e-flex cmsmasters-block-default e-con e-child\" data-id=\"8b840b1\" data-element_type=\"container\" data-e-type=\"container\">\n\t\t\t\t<div class=\"elementor-element elementor-element-7b4f605 cmsmasters-block-default cmsmasters-sticky-default elementor-invisible elementor-widget elementor-widget-heading\" data-id=\"7b4f605\" data-element_type=\"widget\" data-e-type=\"widget\" data-settings=\"{&quot;_animation&quot;:&quot;cmsmasters-fade-in&quot;,&quot;_animation_delay&quot;:400}\" data-widget_type=\"heading.default\">\n\t\t\t\t\t<h6 class=\"elementor-heading-title elementor-size-default\">Adresse:<\/h6>\t\t\t\t<\/div>\n\t\t\t\t<div class=\"elementor-element elementor-element-f246fe0 cmsmasters-block-default cmsmasters-sticky-default elementor-invisible elementor-widget elementor-widget-text-editor\" data-id=\"f246fe0\" data-element_type=\"widget\" data-e-type=\"widget\" data-settings=\"{&quot;_animation&quot;:&quot;cmsmasters-fade-in&quot;,&quot;_animation_delay&quot;:500}\" data-widget_type=\"text-editor.default\">\n\t\t\t\t\t\t\t\t\t<p>Eskiba\u011flar Mah. Genez Sk. Nr. 57\/1, 26170 Tepeba\u015f\u0131\/Eski\u015fehir<\/p>\n\t\t\t\t\t\t\t\t<\/div>\n\t\t\t\t<\/div>\n\t\t<div class=\"elementor-element elementor-element-b982b66 e-con-full e-flex cmsmasters-block-default e-con e-child\" data-id=\"b982b66\" data-element_type=\"container\" data-e-type=\"container\">\n\t\t\t\t<div class=\"elementor-element elementor-element-2fe290c cmsmasters-block-default cmsmasters-sticky-default elementor-invisible elementor-widget elementor-widget-heading\" data-id=\"2fe290c\" data-element_type=\"widget\" data-e-type=\"widget\" data-settings=\"{&quot;_animation&quot;:&quot;cmsmasters-fade-in&quot;,&quot;_animation_delay&quot;:600}\" data-widget_type=\"heading.default\">\n\t\t\t\t\t<h6 class=\"elementor-heading-title elementor-size-default\">Ge\u00f6ffnet:<\/h6>\t\t\t\t<\/div>\n\t\t\t\t<div class=\"elementor-element elementor-element-f0684ac cmsmasters-block-default cmsmasters-sticky-default elementor-invisible elementor-widget elementor-widget-text-editor\" data-id=\"f0684ac\" data-element_type=\"widget\" data-e-type=\"widget\" data-settings=\"{&quot;_animation&quot;:&quot;cmsmasters-fade-in&quot;,&quot;_animation_delay&quot;:700}\" data-widget_type=\"text-editor.default\">\n\t\t\t\t\t\t\t\t\t<p>Montag-Freitag\u00a0 09:00-17:00<\/p>\n\t\t\t\t\t\t\t\t<\/div>\n\t\t\t\t<\/div>\n\t\t\t\t\t<\/div>\n\t\t\t\t<\/div>\n\t\t\t\t<\/div>\n\t\t<div class=\"elementor-element elementor-element-3127d9d e-con-full e-flex cmsmasters-block-default e-con e-child\" data-id=\"3127d9d\" data-element_type=\"container\" data-e-type=\"container\">\n\t\t\t\t<div class=\"elementor-element elementor-element-61d1ed4 cmsmasters-block-default cmsmasters-sticky-default elementor-invisible elementor-widget elementor-widget-image\" data-id=\"61d1ed4\" data-element_type=\"widget\" data-e-type=\"widget\" data-settings=\"{&quot;_animation&quot;:&quot;cmsmasters-fade-in-up&quot;}\" data-widget_type=\"image.default\">\n\t\t\t\t\t\t\t\t\t\t\t\t\t\t\t\t<a href=\"https:\/\/www.google.com\/maps\/place\/Orvigo+Global\/@39.7828645,30.5095323,17z\/data=!4m6!3m5!1s0x14cc157a26582a27:0xba2e9e8837652f96!8m2!3d39.7834252!4d30.5128153!16s%2Fg%2F11xkn9q3r5?entry=ttu&#038;g_ep=EgoyMDI2MDIxMS4wIKXMDSoASAFQAw%3D%3D\">\n\t\t\t\t\t\t\t<img fetchpriority=\"high\" decoding=\"async\" width=\"628\" height=\"285\" src=\"https:\/\/orvigoglobal.com\/wp-content\/uploads\/2026\/02\/adres-e1771167933885.jpeg\" class=\"attachment-large size-large wp-image-51407\" alt=\"\" srcset=\"https:\/\/orvigoglobal.com\/wp-content\/uploads\/2026\/02\/adres-e1771167933885.jpeg 628w, https:\/\/orvigoglobal.com\/wp-content\/uploads\/2026\/02\/adres-e1771167933885-600x272.jpeg 600w, https:\/\/orvigoglobal.com\/wp-content\/uploads\/2026\/02\/adres-e1771167933885-300x136.jpeg 300w\" sizes=\"(max-width: 628px) 100vw, 628px\" \/>\t\t\t\t\t\t\t\t<\/a>\n\t\t\t\t\t\t\t\t\t\t\t\t\t\t\t<\/div>\n\t\t\t\t<\/div>\n\t\t\t\t\t<\/div>\n\t\t\t\t<\/div>\n\t\t<div class=\"elementor-element elementor-element-0cfc90d e-flex e-con-boxed cmsmasters-block-default e-con e-parent\" data-id=\"0cfc90d\" data-element_type=\"container\" data-e-type=\"container\">\n\t\t\t\t\t<div class=\"e-con-inner\">\n\t\t\t\t\t<\/div>\n\t\t\t\t<\/div>\n\t\t<div class=\"elementor-element elementor-element-f55b8cc e-flex e-con-boxed cmsmasters-block-default e-con e-parent\" data-id=\"f55b8cc\" data-element_type=\"container\" data-e-type=\"container\">\n\t\t\t\t\t<div class=\"e-con-inner\">\n\t\t\t\t\t<\/div>\n\t\t\t\t<\/div>\n\t\t<div class=\"elementor-element elementor-element-90ef7ec e-flex e-con-boxed cmsmasters-block-default e-con e-parent\" data-id=\"90ef7ec\" data-element_type=\"container\" data-e-type=\"container\">\n\t\t\t\t\t<div class=\"e-con-inner\">\n\t\t<div class=\"elementor-element elementor-element-1cf51d9 e-con-full e-flex cmsmasters-block-default e-con e-child\" data-id=\"1cf51d9\" data-element_type=\"container\" data-e-type=\"container\">\n\t\t\t\t<div class=\"elementor-element elementor-element-0d108b0 cmsmasters-block-default cmsmasters-sticky-default elementor-invisible elementor-widget elementor-widget-image\" data-id=\"0d108b0\" data-element_type=\"widget\" data-e-type=\"widget\" data-settings=\"{&quot;_animation&quot;:&quot;cmsmasters-pop-in&quot;}\" data-widget_type=\"image.default\">\n\t\t\t\t\t\t\t\t\t\t\t\t\t\t\t<img decoding=\"async\" width=\"1180\" height=\"1400\" src=\"https:\/\/orvigoglobal.com\/wp-content\/uploads\/2026\/01\/80-contacts-4.webp\" class=\"attachment-full size-full wp-image-51304\" alt=\"\" srcset=\"https:\/\/orvigoglobal.com\/wp-content\/uploads\/2026\/01\/80-contacts-4.webp 1180w, https:\/\/orvigoglobal.com\/wp-content\/uploads\/2026\/01\/80-contacts-4-600x712.webp 600w, https:\/\/orvigoglobal.com\/wp-content\/uploads\/2026\/01\/80-contacts-4-253x300.webp 253w, https:\/\/orvigoglobal.com\/wp-content\/uploads\/2026\/01\/80-contacts-4-863x1024.webp 863w, https:\/\/orvigoglobal.com\/wp-content\/uploads\/2026\/01\/80-contacts-4-768x911.webp 768w\" sizes=\"(max-width: 1180px) 100vw, 1180px\" \/>\t\t\t\t\t\t\t\t\t\t\t\t\t\t\t<\/div>\n\t\t\t\t<\/div>\n\t\t<div class=\"elementor-element elementor-element-212fe86 e-con-full e-flex cmsmasters-block-default e-con e-child\" data-id=\"212fe86\" data-element_type=\"container\" data-e-type=\"container\">\n\t\t\t\t<div data-animation-type=\"block\" class=\"animation_type_block elementor-element elementor-element-01ccbc0 gradient gradient linear linear cmsmasters-highlight-title-animate animation_type_block cmsmasters-block-default cmsmasters-sticky-default elementor-invisible elementor-widget elementor-widget-cmsmasters-highlight-title\" data-animation-stagger=\"200\" data-separate-animation-selector=\".elementor-widget-cmsmasters-highlight-title__item\" data-text-animation-class=\"sequental, random, line, word, char\" data-id=\"01ccbc0\" data-element_type=\"widget\" data-e-type=\"widget\" data-settings=\"{&quot;_animation&quot;:&quot;cmsmasters-fade-in-up&quot;,&quot;_animation_delay&quot;:400}\" data-widget_type=\"cmsmasters-highlight-title.default\">\n\t\t\t\t\t<h2 class=\"elementor-widget-cmsmasters-highlight-title__title\" style=\"--cmsmasters-highlight-title-highlight-animation-duration: 2000ms;\"><span class=\"elementor-widget-cmsmasters-highlight-title__item elementor-repeater-item-0612daa cmsmasters-highlight-title-item-text cmsmasters-color-variation-gradient cmsmasters-color-gradient-linear\"><span class=\"elementor-widget-cmsmasters-highlight-title__text-wrap\"><span class=\"elementor-widget-cmsmasters-highlight-title__text\">Stellen Sie uns \r\n<\/span><\/span><\/span><span class=\"elementor-widget-cmsmasters-highlight-title__item elementor-repeater-item-9a37528 cmsmasters-highlight-title-item-text cmsmasters-color-variation-gradient cmsmasters-color-gradient-linear\"><span class=\"elementor-widget-cmsmasters-highlight-title__text-wrap\"><span class=\"elementor-widget-cmsmasters-highlight-title__text\">Ihre Frage!<\/span><\/span><\/span><\/h2>\t\t\t\t<\/div>\n\t\t\t\t<div class=\"elementor-element elementor-element-ca230ab cmsmasters-block-default cmsmasters-sticky-default elementor-invisible elementor-widget elementor-widget-text-editor\" data-id=\"ca230ab\" data-element_type=\"widget\" data-e-type=\"widget\" data-settings=\"{&quot;_animation&quot;:&quot;cmsmasters-fade-in-up&quot;,&quot;_animation_delay&quot;:200}\" data-widget_type=\"text-editor.default\">\n\t\t\t\t\t\t\t\t\t<p>Wenn Sie Fragen haben, k\u00f6nnen Sie uns kontaktieren. Bitte f\u00fcllen Sie das untenstehende Formular aus.<\/p>\n\t\t\t\t\t\t\t\t<\/div>\n\t\t\t\t<div class=\"elementor-element elementor-element-a9b967a elementor-widget__width-inherit cmsmasters-block-default cmsmasters-sticky-default elementor-invisible elementor-widget elementor-widget-cmsmasters-forminator\" data-id=\"a9b967a\" data-element_type=\"widget\" data-e-type=\"widget\" data-settings=\"{&quot;form_list&quot;:&quot;40&quot;,&quot;_animation&quot;:&quot;cmsmasters-fade-in-up&quot;,&quot;_animation_delay&quot;:400}\" data-widget_type=\"cmsmasters-forminator.default\">\n\t\t\t\t\t<div class=\"elementor-widget-cmsmasters-contact-form__wrapper elementor-widget-cmsmasters-contact-form cmsmasters-default-color cmsmasters-default-font\" id=\"cmsmasters-widget-form-a9b967a\">\r\n\t\t\t<div class=\"elementor-widget-cmsmasters-contact-form__inner\"><form id=\"forminator-module-40\" class=\"forminator-custom-form forminator-custom-form-40\" method=\"post\" data-forminator-render=\"0\" data-uid=\"69e3836b82ec7\"><div role=\"alert\" aria-live=\"polite\" class=\"forminator-response-message forminator-error\" aria-hidden=\"true\"><\/div><\/form><\/div>\r\n\t\t<\/div>\t\t\t\t<\/div>\n\t\t\t\t<\/div>\n\t\t\t\t\t<\/div>\n\t\t\t\t<\/div>\n\t\t\t\t<\/div>\n\t\t","protected":false},"excerpt":{"rendered":"<p>Nehmen Sie Kontakt mit uns auf! Starten Sie Ihren Neuanfang in Deutschland sicher mit unserem Expertenteam. Wir begleiten Sie in jeder Phase Ihres Prozesses mit professioneller Beratung. F\u00fcr detaillierte Informationen und individuelle L\u00f6sungen nehmen Sie bitte Kontakt mit uns auf. Termin anfordern Rufen Sie uns an: +90 505 222 08 26 Unsere B\u00fcroanschrift In unserem&#8230;<\/p>\n","protected":false},"author":1,"featured_media":0,"parent":0,"menu_order":0,"comment_status":"closed","ping_status":"closed","template":"","meta":{"_acf_changed":false,"footnotes":""},"class_list":["post-51467","page","type-page","status-publish","hentry"],"acf":[],"_hostinger_reach_plugin_has_subscription_block":false,"_hostinger_reach_plugin_is_elementor":false,"_links":{"self":[{"href":"https:\/\/orvigoglobal.com\/de\/wp-json\/wp\/v2\/pages\/51467","targetHints":{"allow":["GET"]}}],"collection":[{"href":"https:\/\/orvigoglobal.com\/de\/wp-json\/wp\/v2\/pages"}],"about":[{"href":"https:\/\/orvigoglobal.com\/de\/wp-json\/wp\/v2\/types\/page"}],"author":[{"embeddable":true,"href":"https:\/\/orvigoglobal.com\/de\/wp-json\/wp\/v2\/users\/1"}],"replies":[{"embeddable":true,"href":"https:\/\/orvigoglobal.com\/de\/wp-json\/wp\/v2\/comments?post=51467"}],"version-history":[{"count":1,"href":"https:\/\/orvigoglobal.com\/de\/wp-json\/wp\/v2\/pages\/51467\/revisions"}],"predecessor-version":[{"id":51468,"href":"https:\/\/orvigoglobal.com\/de\/wp-json\/wp\/v2\/pages\/51467\/revisions\/51468"}],"wp:attachment":[{"href":"https:\/\/orvigoglobal.com\/de\/wp-json\/wp\/v2\/media?parent=51467"}],"curies":[{"name":"wp","href":"https:\/\/api.w.org\/{rel}","templated":true}]}}